{"id":267,"date":"2018-07-22T10:58:34","date_gmt":"2018-07-22T08:58:34","guid":{"rendered":"http:\/\/www.austriawushu.at\/?page_id=267"},"modified":"2018-07-22T23:29:08","modified_gmt":"2018-07-22T21:29:08","slug":"tao-lu","status":"publish","type":"page","link":"https:\/\/www.austriawushu.at\/?page_id=267","title":{"rendered":"Tao Lu"},"content":{"rendered":"<p>, auf Deutsch &#8222;Formen&#8220;, ist ein wichtiger Bestandteil von Wu Shu in denen Kampfbewegungsabl\u00e4ufe in Kombinationen zusammengesetzt sind.<\/p>\n<p>Da es in China viele Kriege gab, wollte man das Wissen und die Erfahrung\u00a0den Kindern, also der n\u00e4chsten Generation weitergeben. Auch in Zeiten in denen es keinen Krieg gab, um sie\u00a0auf schwierigere Zeiten vorzubereiten. Man entwickelte Faustformen ohne Waffen und auch Waffenformen um den Kindern den Umgang mit\u00a0verschiedenen Techniken weiterzugeben, ohne dabei andere zu verletzen.<\/p>\n<p>Bekannteste Stile sind: Taiji (oder auch Tai Chi geschrieben), Ba Gua, Xing Yi, Hung Gar und viele andere S\u00fcdstile, sowie nat\u00fcrlich auch Tierstile wie Tiger (Hu Quan), Adler (Ying Zhao), Gottesanbeterin (Tang Lang), &#8230;.<\/p>\n<p>Jeder hatte seine eigene Erfahrungen und einen anderen K\u00f6rperbau, womit sich viele verschiedene Stile entwickelt haben und durch die Generationen auch verbesserten. Dadurch gibt es auch in den Stilen unterschiede, so wie in Taiji (Yang, Chen, Sun, &#8230;), Tang Lang (Zhai Yao, Beng Bu, Luan Jie, &#8230;), Ba Gua Zhang (Cheng, Yin, &#8230;)<\/p>\n<p>Man kann sagen, dass die Chinesen im Norden eher gr\u00f6\u00dfer waren, somit dort eher viele Beintechniken verwendet wurden und im S\u00fcden die Menschen eher kleiner waren, deswegen\u00a0die Stile auch viele Armtechniken beinhalten. Nat\u00fcrlich gibt es Ausnahmen und man kann es daher nicht generell so annehmen.<\/p>\n<p>Viele Stilfamilien z\u00e4hlen die Generationen durch, wodurch man zur\u00fcckverfolgen kann wie alt eine Form schon ist und durch wieviele Meister diese schon weiterentwickelt wurden &#8211; somit kann die Geschichte von einigen Stilen schon mehrere hunderte von Jahren zur\u00fcck gehen.<\/p>\n<p>Bsp. Haben wir in unserer Schule chinesische Meister die in 8. Generation Tang Lang lehren, bzw Baji in 6. Generation.<\/p>\n<p><img loading=\"lazy\" decoding=\"async\" class=\"alignnone size-full wp-image-288\" src=\"http:\/\/www.austriawushu.at\/wp-content\/uploads\/2018\/07\/25639454322_66f184bf9a_m.jpg\" alt=\"\" width=\"159\" height=\"240\" \/>\u00a0<img loading=\"lazy\" decoding=\"async\" class=\"alignnone size-full wp-image-289\" src=\"http:\/\/www.austriawushu.at\/wp-content\/uploads\/2018\/07\/25639142812_45acccdb8a_m.jpg\" alt=\"\" width=\"159\" height=\"240\" \/>\u00a0<img loading=\"lazy\" decoding=\"async\" class=\"alignnone size-full wp-image-290\" src=\"http:\/\/www.austriawushu.at\/wp-content\/uploads\/2018\/07\/25133347723_8633ce0526_m.jpg\" alt=\"\" width=\"159\" height=\"240\" \/><\/p>\n<p>&nbsp;<\/p>\n","protected":false},"excerpt":{"rendered":"<p>, auf Deutsch &#8222;Formen&#8220;, ist ein wichtiger Bestandteil von Wu Shu in denen Kampfbewegungsabl\u00e4ufe in Kombinationen zusammengesetzt sind. Da es in China viele Kriege gab, wollte man das Wissen und die Erfahrung\u00a0den Kindern, also der n\u00e4chsten Generation weitergeben. Auch in Zeiten in denen es keinen Krieg gab, um sie\u00a0auf schwierigere Zeiten vorzubereiten. Man entwickelte Faustformen &hellip; <\/p>\n<p class=\"link-more\"><a href=\"https:\/\/www.austriawushu.at\/?page_id=267\" class=\"more-link\"><span class=\"screen-reader-text\">\u201eTao Lu\u201c <\/span>weiterlesen<\/a><\/p>\n","protected":false},"author":1,"featured_media":0,"parent":11,"menu_order":0,"comment_status":"closed","ping_status":"closed","template":"","meta":{"footnotes":""},"class_list":["post-267","page","type-page","status-publish","hentry"],"_links":{"self":[{"href":"https:\/\/www.austriawushu.at\/index.php?rest_route=\/wp\/v2\/pages\/267","targetHints":{"allow":["GET"]}}],"collection":[{"href":"https:\/\/www.austriawushu.at\/index.php?rest_route=\/wp\/v2\/pages"}],"about":[{"href":"https:\/\/www.austriawushu.at\/index.php?rest_route=\/wp\/v2\/types\/page"}],"author":[{"embeddable":true,"href":"https:\/\/www.austriawushu.at\/index.php?rest_route=\/wp\/v2\/users\/1"}],"replies":[{"embeddable":true,"href":"https:\/\/www.austriawushu.at\/index.php?rest_route=%2Fwp%2Fv2%2Fcomments&post=267"}],"version-history":[{"count":6,"href":"https:\/\/www.austriawushu.at\/index.php?rest_route=\/wp\/v2\/pages\/267\/revisions"}],"predecessor-version":[{"id":291,"href":"https:\/\/www.austriawushu.at\/index.php?rest_route=\/wp\/v2\/pages\/267\/revisions\/291"}],"up":[{"embeddable":true,"href":"https:\/\/www.austriawushu.at\/index.php?rest_route=\/wp\/v2\/pages\/11"}],"wp:attachment":[{"href":"https:\/\/www.austriawushu.at\/index.php?rest_route=%2Fwp%2Fv2%2Fmedia&parent=267"}],"curies":[{"name":"wp","href":"https:\/\/api.w.org\/{rel}","templated":true}]}}