{"id":50,"date":"2017-01-09T13:28:54","date_gmt":"2017-01-09T12:28:54","guid":{"rendered":"http:\/\/192.168.0.1\/austriawushu.at\/neu2\/?page_id=50"},"modified":"2017-01-24T00:00:17","modified_gmt":"2017-01-23T23:00:17","slug":"faq","status":"publish","type":"page","link":"https:\/\/www.austriawushu.at\/?page_id=50","title":{"rendered":"FAQ"},"content":{"rendered":"<div id=\"ez-toc-container\" class=\"ez-toc-v2_0_82_2 counter-hierarchy ez-toc-counter ez-toc-grey ez-toc-container-direction\">\n<div class=\"ez-toc-title-container\">\n<p class=\"ez-toc-title\" style=\"cursor:inherit\">Table of Contents<\/p>\n<span class=\"ez-toc-title-toggle\"><a href=\"#\" class=\"ez-toc-pull-right ez-toc-btn ez-toc-btn-xs ez-toc-btn-default ez-toc-toggle\" aria-label=\"Toggle Table of Content\"><span class=\"ez-toc-js-icon-con\"><span class=\"\"><span class=\"eztoc-hide\" style=\"display:none;\">Toggle<\/span><span class=\"ez-toc-icon-toggle-span\"><svg style=\"fill: #999;color:#999\" xmlns=\"http:\/\/www.w3.org\/2000\/svg\" class=\"list-377408\" width=\"20px\" height=\"20px\" viewBox=\"0 0 24 24\" fill=\"none\"><path d=\"M6 6H4v2h2V6zm14 0H8v2h12V6zM4 11h2v2H4v-2zm16 0H8v2h12v-2zM4 16h2v2H4v-2zm16 0H8v2h12v-2z\" fill=\"currentColor\"><\/path><\/svg><svg style=\"fill: #999;color:#999\" class=\"arrow-unsorted-368013\" xmlns=\"http:\/\/www.w3.org\/2000\/svg\" width=\"10px\" height=\"10px\" viewBox=\"0 0 24 24\" version=\"1.2\" baseProfile=\"tiny\"><path d=\"M18.2 9.3l-6.2-6.3-6.2 6.3c-.2.2-.3.4-.3.7s.1.5.3.7c.2.2.4.3.7.3h11c.3 0 .5-.1.7-.3.2-.2.3-.5.3-.7s-.1-.5-.3-.7zM5.8 14.7l6.2 6.3 6.2-6.3c.2-.2.3-.5.3-.7s-.1-.5-.3-.7c-.2-.2-.4-.3-.7-.3h-11c-.3 0-.5.1-.7.3-.2.2-.3.5-.3.7s.1.5.3.7z\"\/><\/svg><\/span><\/span><\/span><\/a><\/span><\/div>\n<nav><ul class='ez-toc-list ez-toc-list-level-1 ' ><li class='ez-toc-page-1 ez-toc-heading-level-1'><a class=\"ez-toc-link ez-toc-heading-1\" href=\"https:\/\/www.austriawushu.at\/?page_id=50\/#Oft_gestellte_Fragen_Wissenswertes\" >Oft gestellte Fragen\/ Wissenswertes<\/a><ul class='ez-toc-list-level-2' ><li class='ez-toc-heading-level-2'><a class=\"ez-toc-link ez-toc-heading-2\" href=\"https:\/\/www.austriawushu.at\/?page_id=50\/#Kann_ich_jederzeit_zum_Training_einsteigen_oder_muss_ich_schon_vorher_spezielles_mitbringen_auch_in_Bezug_auf_meine_SportlichkeitKoennen\" >Kann ich jederzeit zum Training einsteigen, oder muss ich schon vorher spezielles mitbringen (auch in Bezug auf meine Sportlichkeit\/K\u00f6nnen)?<\/a><\/li><li class='ez-toc-page-1 ez-toc-heading-level-2'><a class=\"ez-toc-link ez-toc-heading-3\" href=\"https:\/\/www.austriawushu.at\/?page_id=50\/#Was_ist_zum_Training_mitzunehmen\" >Was ist zum Training mitzunehmen?<\/a><ul class='ez-toc-list-level-3' ><li class='ez-toc-heading-level-3'><a class=\"ez-toc-link ez-toc-heading-4\" href=\"https:\/\/www.austriawushu.at\/?page_id=50\/#Was_ist_der_Unterschied_zwischen_Kung_Fu_und_Wu_Shu\" >Was ist der Unterschied zwischen Kung Fu und Wu Shu?<\/a><\/li><\/ul><\/li><\/ul><\/li><\/ul><\/nav><\/div>\n<h1><span class=\"ez-toc-section\" id=\"Oft_gestellte_Fragen_Wissenswertes\"><\/span>Oft gestellte Fragen\/ Wissenswertes<span class=\"ez-toc-section-end\"><\/span><\/h1>\n<h2><span class=\"ez-toc-section\" id=\"Kann_ich_jederzeit_zum_Training_einsteigen_oder_muss_ich_schon_vorher_spezielles_mitbringen_auch_in_Bezug_auf_meine_SportlichkeitKoennen\"><\/span>Kann ich jederzeit zum Training einsteigen, oder muss ich schon vorher spezielles mitbringen (auch in Bezug auf meine Sportlichkeit\/K\u00f6nnen)?<span class=\"ez-toc-section-end\"><\/span><\/h2>\n<p>Der Einstieg in das Training ist jederzeit m\u00f6glich. Es ist m\u00f6glich sofort in den Trainingsbetrieb einzusteigen und mitzumachen. Es wird hierbei auf den Trainingsstand jedes einzelnen geschaut und du bekommst das n\u00f6tige Wissen und Schulungen im Laufe der Trainingseinheiten.<\/p>\n<h2><span class=\"ez-toc-section\" id=\"Was_ist_zum_Training_mitzunehmen\"><\/span>Was ist zum Training mitzunehmen?<span class=\"ez-toc-section-end\"><\/span><\/h2>\n<p>Sportliche, lockere Beckleidung (dabei wenn m\u00f6glich lange Hose, Sportschuhe\/Hallenschuhe).<\/p>\n<h3><span class=\"ez-toc-section\" id=\"Was_ist_der_Unterschied_zwischen_Kung_Fu_und_Wu_Shu\"><\/span>Was ist der Unterschied zwischen Kung Fu und Wu Shu?<span class=\"ez-toc-section-end\"><\/span><\/h3>\n<p>Wushu und Kung Fu ist das gleiche, wenn man von Kung Fu im Kampfkunst oder Kampfsportkontext spricht. Der Begriff Kung Fu hei\u00dft auf chinesisch (<span lang=\"zh\" xml:lang=\"zh\">\u529f\u592b &#8211; gong fu<\/span>) harte Arbeit. Also eine F\u00e4higkeit zu Meistern, die man mit viel Zeit, Flei\u00df und Arbeit erreicht hat.<\/p>\n<p>Beispielsweise hat ein Haubenkoch ein gutes Kung Fu erreicht in kochen, ein Taxifahrer beim Autofahren, ein Kampfk\u00fcnstler und Kampfsportler im K\u00e4mpfen.<\/p>\n","protected":false},"excerpt":{"rendered":"<p>Oft gestellte Fragen\/ Wissenswertes Kann ich jederzeit zum Training einsteigen, oder muss ich schon vorher spezielles mitbringen (auch in Bezug auf meine Sportlichkeit\/K\u00f6nnen)? Der Einstieg in das Training ist jederzeit m\u00f6glich. Es ist m\u00f6glich sofort in den Trainingsbetrieb einzusteigen und mitzumachen. Es wird hierbei auf den Trainingsstand jedes einzelnen geschaut und du bekommst das n\u00f6tige &hellip; <\/p>\n<p class=\"link-more\"><a href=\"https:\/\/www.austriawushu.at\/?page_id=50\" class=\"more-link\"><span class=\"screen-reader-text\">\u201eFAQ\u201c <\/span>weiterlesen<\/a><\/p>\n","protected":false},"author":1,"featured_media":0,"parent":0,"menu_order":0,"comment_status":"closed","ping_status":"closed","template":"","meta":{"footnotes":""},"class_list":["post-50","page","type-page","status-publish","hentry"],"_links":{"self":[{"href":"https:\/\/www.austriawushu.at\/index.php?rest_route=\/wp\/v2\/pages\/50","targetHints":{"allow":["GET"]}}],"collection":[{"href":"https:\/\/www.austriawushu.at\/index.php?rest_route=\/wp\/v2\/pages"}],"about":[{"href":"https:\/\/www.austriawushu.at\/index.php?rest_route=\/wp\/v2\/types\/page"}],"author":[{"embeddable":true,"href":"https:\/\/www.austriawushu.at\/index.php?rest_route=\/wp\/v2\/users\/1"}],"replies":[{"embeddable":true,"href":"https:\/\/www.austriawushu.at\/index.php?rest_route=%2Fwp%2Fv2%2Fcomments&post=50"}],"version-history":[{"count":4,"href":"https:\/\/www.austriawushu.at\/index.php?rest_route=\/wp\/v2\/pages\/50\/revisions"}],"predecessor-version":[{"id":91,"href":"https:\/\/www.austriawushu.at\/index.php?rest_route=\/wp\/v2\/pages\/50\/revisions\/91"}],"wp:attachment":[{"href":"https:\/\/www.austriawushu.at\/index.php?rest_route=%2Fwp%2Fv2%2Fmedia&parent=50"}],"curies":[{"name":"wp","href":"https:\/\/api.w.org\/{rel}","templated":true}]}}