{"id":58,"date":"2017-01-09T13:35:59","date_gmt":"2017-01-09T12:35:59","guid":{"rendered":"http:\/\/192.168.0.1\/austriawushu.at\/neu2\/?page_id=58"},"modified":"2018-10-06T00:16:53","modified_gmt":"2018-10-05T22:16:53","slug":"impressum","status":"publish","type":"page","link":"https:\/\/www.austriawushu.at\/?page_id=58","title":{"rendered":"Impressum"},"content":{"rendered":"<h1><img loading=\"lazy\" decoding=\"async\" class=\"alignnone wp-image-130 size-full\" src=\"http:\/\/www.austriawushu.at\/wp-content\/uploads\/2017\/01\/OWV_LOGO2014.png\" alt=\"\" width=\"262\" height=\"240\" \/><\/h1>\n<h1>Impressum<\/h1>\n<p>\u00d6sterreichischer Wu Shu Verein<br \/>\nSeegasse 4\/17<br \/>\n1090 Wien<br \/>\n\u00d6sterreich<\/p>\n<p>Bankdaten:<br \/>\nName: \u00d6sterreichischer Wu Shu Verein<br \/>\nIBAN: AT962011182449194500<br \/>\nBIC: GIBAATWWXXX<\/p>\n<p>&nbsp;<\/p>\n<p>Obmann: Dr. Philipp Mitter\u00f6cker<br \/>\nObmann Stv.: Ing. Gia Phu Liu<\/p>\n<p>ZVR-Zahl: 947640551<\/p>\n<p>Informationen zum Verein finden Sie unter<br \/>\n<a href=\"http:\/\/www.austriawushu.at\/wp-content\/uploads\/2017\/01\/Vereinsregisterauszug-3.pdf\">ZVR: Zentraler Vereins Register Auszug<\/a><br \/>\n\u00a9 \u00d6sterreichischer Wu Shu Verein &#8211; alle Rechte vorbehalten.<\/p>\n<p>Banner Picture by: flickr: Tauno T\u00f5hk \/ \u9676\u8bfa (CC)<\/p>\n<p>Training\u00a0Picture by: flickr:\u00a0Javier Ignacio Acu\u00f1a Ditzel \u00a0(CC),\u00a0alvaro garcia (CC)<\/p>\n<p>Taolu Pictures by: flickr:\u00a0Jan Mattsson (CC),\u00a0leniners (CC)<\/p>\n<p>Nutzung gem\u00e4\u00df unserer Nutzungsbedingungen.<\/p>\n<p>Mitglied beim \u00d6sterreichischen Wushu Verband (AWF), somit Mitglied beim Europ\u00e4ischen Wushu Verband (EWUF) und Internationalen Wushu Verband (IWUF)<\/p>\n<p><a href=\"http:\/\/www.wushu-awf.at\"><img loading=\"lazy\" decoding=\"async\" class=\"alignnone wp-image-69 size-thumbnail\" src=\"http:\/\/192.168.0.1\/austriawushu.at\/neu2\/wp-content\/uploads\/2017\/01\/AWFLOGO-150x150.png\" width=\"150\" height=\"150\" srcset=\"https:\/\/www.austriawushu.at\/wp-content\/uploads\/2017\/01\/AWFLOGO-150x150.png 150w, https:\/\/www.austriawushu.at\/wp-content\/uploads\/2017\/01\/AWFLOGO-100x100.png 100w, https:\/\/www.austriawushu.at\/wp-content\/uploads\/2017\/01\/AWFLOGO.png 200w\" sizes=\"auto, (max-width: 150px) 100vw, 150px\" \/><\/a><a href=\"http:\/\/www.ewuf.org\"><img loading=\"lazy\" decoding=\"async\" class=\"alignnone wp-image-72 size-thumbnail\" src=\"http:\/\/192.168.0.1\/austriawushu.at\/neu2\/wp-content\/uploads\/2017\/01\/ewuf_logo-u2872-150x150.png\" width=\"150\" height=\"150\" srcset=\"https:\/\/www.austriawushu.at\/wp-content\/uploads\/2017\/01\/ewuf_logo-u2872-150x150.png 150w, https:\/\/www.austriawushu.at\/wp-content\/uploads\/2017\/01\/ewuf_logo-u2872-100x100.png 100w\" sizes=\"auto, (max-width: 150px) 100vw, 150px\" \/><\/a><a href=\"http:\/\/iwuf.org\"><img loading=\"lazy\" decoding=\"async\" class=\"alignnone wp-image-71 size-thumbnail\" src=\"http:\/\/192.168.0.1\/austriawushu.at\/neu2\/wp-content\/uploads\/2017\/01\/iwuf_logo-150x150.jpeg\" width=\"150\" height=\"150\" srcset=\"https:\/\/www.austriawushu.at\/wp-content\/uploads\/2017\/01\/iwuf_logo-150x150.jpeg 150w, https:\/\/www.austriawushu.at\/wp-content\/uploads\/2017\/01\/iwuf_logo-300x300.jpeg 300w, https:\/\/www.austriawushu.at\/wp-content\/uploads\/2017\/01\/iwuf_logo-768x768.jpeg 768w, https:\/\/www.austriawushu.at\/wp-content\/uploads\/2017\/01\/iwuf_logo-100x100.jpeg 100w, https:\/\/www.austriawushu.at\/wp-content\/uploads\/2017\/01\/iwuf_logo.jpeg 900w\" sizes=\"auto, (max-width: 150px) 100vw, 150px\" \/><\/a><\/p>\n","protected":false},"excerpt":{"rendered":"<p>Impressum \u00d6sterreichischer Wu Shu Verein Seegasse 4\/17 1090 Wien \u00d6sterreich Bankdaten: Name: \u00d6sterreichischer Wu Shu Verein IBAN: AT962011182449194500 BIC: GIBAATWWXXX &nbsp; Obmann: Dr. Philipp Mitter\u00f6cker Obmann Stv.: Ing. Gia Phu Liu ZVR-Zahl: 947640551 Informationen zum Verein finden Sie unter ZVR: Zentraler Vereins Register Auszug \u00a9 \u00d6sterreichischer Wu Shu Verein &#8211; alle Rechte vorbehalten. Banner Picture &hellip; <\/p>\n<p class=\"link-more\"><a href=\"https:\/\/www.austriawushu.at\/?page_id=58\" class=\"more-link\"><span class=\"screen-reader-text\">\u201eImpressum\u201c <\/span>weiterlesen<\/a><\/p>\n","protected":false},"author":1,"featured_media":0,"parent":0,"menu_order":0,"comment_status":"closed","ping_status":"closed","template":"","meta":{"footnotes":""},"class_list":["post-58","page","type-page","status-publish","hentry"],"_links":{"self":[{"href":"https:\/\/www.austriawushu.at\/index.php?rest_route=\/wp\/v2\/pages\/58","targetHints":{"allow":["GET"]}}],"collection":[{"href":"https:\/\/www.austriawushu.at\/index.php?rest_route=\/wp\/v2\/pages"}],"about":[{"href":"https:\/\/www.austriawushu.at\/index.php?rest_route=\/wp\/v2\/types\/page"}],"author":[{"embeddable":true,"href":"https:\/\/www.austriawushu.at\/index.php?rest_route=\/wp\/v2\/users\/1"}],"replies":[{"embeddable":true,"href":"https:\/\/www.austriawushu.at\/index.php?rest_route=%2Fwp%2Fv2%2Fcomments&post=58"}],"version-history":[{"count":13,"href":"https:\/\/www.austriawushu.at\/index.php?rest_route=\/wp\/v2\/pages\/58\/revisions"}],"predecessor-version":[{"id":340,"href":"https:\/\/www.austriawushu.at\/index.php?rest_route=\/wp\/v2\/pages\/58\/revisions\/340"}],"wp:attachment":[{"href":"https:\/\/www.austriawushu.at\/index.php?rest_route=%2Fwp%2Fv2%2Fmedia&parent=58"}],"curies":[{"name":"wp","href":"https:\/\/api.w.org\/{rel}","templated":true}]}}